{"id":35,"date":"2026-02-08T07:50:50","date_gmt":"2026-02-08T07:50:50","guid":{"rendered":"https:\/\/viisvet.ee\/avaleht\/"},"modified":"2026-04-01T10:44:23","modified_gmt":"2026-04-01T10:44:23","slug":"avaleht","status":"publish","type":"page","link":"https:\/\/viisvet.ee\/en\/","title":{"rendered":"Martin Simpson"},"content":{"rendered":"<div class=\"wp-block-group alignfull is-style-ext-preset--group--natural-1--section has-background-background-color has-background has-global-padding is-layout-constrained wp-block-group-is-layout-constrained\" style=\"margin-top:0;margin-bottom:0;padding-top:var(--wp--preset--spacing--50);padding-bottom:var(--wp--preset--spacing--70)\">\n<div class=\"wp-block-group is-nowrap is-layout-flex wp-container-core-group-is-layout-6c531013 wp-block-group-is-layout-flex\">\n<h2 class=\"wp-block-heading\">Design of water supply and sanitation for buildings<\/h2>\n<\/div>\n\n\n\n<p>Viisvet O\u00dc offers the following services:<\/p>\n\n\n\n<ul class=\"wp-block-list\">\n<li>design of water supply and sanitation systems for buildings<\/li>\n\n\n\n<li>design of external utilities for a property<\/li>\n\n\n\n<li>construction drawings<\/li>\n<\/ul>\n\n\n\n<p>All stages of design, model design with content. <\/p>\n\n\n\n<div class=\"wp-block-group is-nowrap is-layout-flex wp-container-core-group-is-layout-6c531013 wp-block-group-is-layout-flex\">\n<p>The engineer of Viisvet O\u00dc is Martin Simpson, who has been a designer of heating, ventilation and cooling systems and water supply and sewerage systems in buildings since 2013. Since 2016, he has been a certified engineer in charge of water supply and sewerage systems in buildings (level 7). Since 2021 working with Revit and MagiCAD. Design engineer for on-site water and sewerage networks.<\/p>\n<\/div>\n\n\n\n<div class=\"wp-block-group is-nowrap is-layout-flex wp-container-core-group-is-layout-6c531013 wp-block-group-is-layout-flex\">\n<h5 class=\"wp-block-heading\">Software used<\/h5>\n<\/div>\n\n\n\n<p>Revit + MagiCAD for Revit<br>AutoCAD + VK-torustikud<\/p>\n\n\n\n<h5 class=\"wp-block-heading\">Work experience<\/h5>\n\n\n\n<div class=\"wp-block-group is-nowrap is-layout-flex wp-container-core-group-is-layout-6c531013 wp-block-group-is-layout-flex\">\n<p><strong>Viisvet O\u00dc<\/strong> - Water supply and sanitation engineer for buildings (2026-...)<br><strong>Esplan O\u00dc<\/strong> - Water supply and sanitation engineer for buildings (2024-2025)<br><strong>Innopolis Insenerid O\u00dc<\/strong> - Water supply and sanitation engineer for buildings (2021-2024)<br><strong>Viva Insenerid O\u00dc<\/strong> - Heating, ventilation and cooling designer, Water supply and sewerage engineer for buildings (2018-2021).<br><strong>Kodumaja AS<\/strong> - Heating, ventilation and cooling designer (2016-2017)<br><strong>Viva Insenerid O\u00dc<\/strong> - Designer of heating, ventilation and cooling systems and water supply and sewerage systems in buildings, Engineer of water supply and sewerage systems in buildings (2013-2016).<\/p>\n<\/div>\n\n\n\n<h5 class=\"wp-block-heading\">Latest important work<\/h5>\n\n\n\n<p>(carried out by Esplan O\u00dc, Innopolis Insenerid O\u00dc):<\/p>\n\n\n\n<div class=\"wp-block-group is-nowrap is-layout-flex wp-container-core-group-is-layout-6c531013 wp-block-group-is-layout-flex\">\n<ul class=\"wp-block-list\">\n<li>Teaduspargi tn 5, Tartu - laboratory building, water supply and sewerage, external utilities, 2025;<\/li>\n\n\n\n<li>Uus-Volta 6, Tallinn - 3 apartment buildings with underground parking; water supply to the building, external utilities to the property, 2025;<\/li>\n\n\n\n<li>Uus-Volta 8, Tallinn - 3 apartment buildings with underground parking; water supply to the building, external utilities to the property, 2025;<\/li>\n\n\n\n<li>Mootori 2, Tallinn - commercial building with accommodation units; water supply and sewerage of the building, external utilities of the property, 2025;<\/li>\n\n\n\n<li>Uus-Volta 7, Tallinn - Residential building with commercial premises, heating auxiliary designer, 2025;<\/li>\n\n\n\n<li>Tartu mnt 49, Tallinn - Hotel Hampton by Hilton, building water supply and sewerage, 2025;<\/li>\n\n\n\n<li>Reconstruction of the production and service building of RMK P\u00f5lula Fish Farming Centre - water supply and sewerage of the building, external utilities of the property, 2024;<\/li>\n\n\n\n<li>V\u00e4lja tn 4a, Soinaste village, Kambja rural municipality, Tartumaa - TBD Pharmatech development and production building, building water supply and sewerage, external utilities, 2024.<\/li>\n<\/ul>\n<\/div>\n\n\n\n<h5 class=\"wp-block-heading\">Contact<\/h5>\n\n\n\n<div class=\"wp-block-group is-nowrap is-layout-flex wp-container-core-group-is-layout-6c531013 wp-block-group-is-layout-flex\">\n<p>Viisvet O\u00dc <br>registrikood 17369070, KMKR nr EE102953848<br>Martin Simpson<br>Certified water supply and sewerage engineer, level 7 <br>Certificate No <a href=\"https:\/\/www.kutseregister.ee\/ctrl\/et\/Tunnistused\/vaata\/10959890\/1\" title=\"\">173907<\/a><br><a href=\"mailto:martin@viisvet.ee\">martin@viisvet.ee<\/a><br>+372 51965979<\/p>\n\n\n\n<figure class=\"wp-block-image alignright size-full is-resized is-style-rounded\"><a href=\"https:\/\/www.linkedin.com\/in\/martin-simpson-707258228\/\"><img loading=\"lazy\" decoding=\"async\" width=\"800\" height=\"800\" src=\"https:\/\/viisvet.ee\/wp-content\/uploads\/2026\/02\/1674450649105-1.jpg\" alt=\"\" class=\"wp-image-90\" style=\"width:171px;height:auto\" srcset=\"https:\/\/viisvet.ee\/wp-content\/uploads\/2026\/02\/1674450649105-1.jpg 800w, https:\/\/viisvet.ee\/wp-content\/uploads\/2026\/02\/1674450649105-1-300x300.jpg 300w, https:\/\/viisvet.ee\/wp-content\/uploads\/2026\/02\/1674450649105-1-150x150.jpg 150w, https:\/\/viisvet.ee\/wp-content\/uploads\/2026\/02\/1674450649105-1-768x768.jpg 768w, https:\/\/viisvet.ee\/wp-content\/uploads\/2026\/02\/1674450649105-1-12x12.jpg 12w\" sizes=\"auto, (max-width: 800px) 100vw, 800px\" \/><\/a><\/figure>\n<\/div>\n<\/div>","protected":false},"excerpt":{"rendered":"<p>Hoonete veevarustuse ja kanalisatsiooni projekteerimine Viisvet O\u00dc pakub j\u00e4rgmisi teenuseid: Projekteerimise k\u00f5ik etapid, mudelprojekteerimine koos infosisuga. Viisvet O\u00dc inseneriks on Martin Simpson, kes on k\u00fctte, ventilatsiooni ja jahutuse ning hoonete veevarustuse ja kanalisatsiooni projekteerija aastast 2013. Alates aastast 2016 kutsetunnistusega hoonete veevarustuse ja kanalisatsiooni vastutav insener (tase 7). Aastast 2021 t\u00f6\u00f6tanud tarkvaral Revit ja MagiCAD. [&hellip;]<\/p>","protected":false},"author":1,"featured_media":0,"parent":0,"menu_order":0,"comment_status":"closed","ping_status":"closed","template":"no-title","meta":{"om_disable_all_campaigns":false,"_monsterinsights_skip_tracking":false,"_monsterinsights_sitenote_active":false,"_monsterinsights_sitenote_note":"","_monsterinsights_sitenote_category":0,"_uf_show_specific_survey":0,"_uf_disable_surveys":false,"footnotes":""},"class_list":["post-35","page","type-page","status-publish","hentry"],"aioseo_notices":[],"_links":{"self":[{"href":"https:\/\/viisvet.ee\/en\/wp-json\/wp\/v2\/pages\/35","targetHints":{"allow":["GET"]}}],"collection":[{"href":"https:\/\/viisvet.ee\/en\/wp-json\/wp\/v2\/pages"}],"about":[{"href":"https:\/\/viisvet.ee\/en\/wp-json\/wp\/v2\/types\/page"}],"author":[{"embeddable":true,"href":"https:\/\/viisvet.ee\/en\/wp-json\/wp\/v2\/users\/1"}],"replies":[{"embeddable":true,"href":"https:\/\/viisvet.ee\/en\/wp-json\/wp\/v2\/comments?post=35"}],"version-history":[{"count":5,"href":"https:\/\/viisvet.ee\/en\/wp-json\/wp\/v2\/pages\/35\/revisions"}],"predecessor-version":[{"id":103,"href":"https:\/\/viisvet.ee\/en\/wp-json\/wp\/v2\/pages\/35\/revisions\/103"}],"wp:attachment":[{"href":"https:\/\/viisvet.ee\/en\/wp-json\/wp\/v2\/media?parent=35"}],"curies":[{"name":"wp","href":"https:\/\/api.w.org\/{rel}","templated":true}]}}